{"id":151,"date":"2017-03-16T17:01:53","date_gmt":"2017-03-16T20:01:53","guid":{"rendered":"http:\/\/www.polieng.com.br\/ingles\/_homolog\/\/?page_id=151"},"modified":"2017-03-16T17:18:26","modified_gmt":"2017-03-16T20:18:26","slug":"news","status":"publish","type":"page","link":"http:\/\/www.polieng.com.br\/ingles\/news\/","title":{"rendered":"News"},"content":{"rendered":"<div id=\"dslc-content\" class=\"dslc-content dslc-clearfix\"><div id=\"dslc-main\">\r\n\t\t<div  class=\"dslc-modules-section  dslc-no-columns-spacing \" style=\"padding-bottom:0px;padding-top:0px;background-color:#d91111;background-image:url(http:\/\/www.polieng.com.br\/ingles\/wp-content\/uploads\/2017\/03\/topo-poli.png);background-image:url(http:\/\/www.polieng.com.br\/ingles\/wp-content\/uploads\/2017\/03\/topo-aplicacoes.png);background-repeat:no-repeat;background-position:center center;background-size:cover;\" data-section-id=\"1a5f07f0f3f\">\r\n\t\t\t\t\r\n\t\t\t\t\r\n\t\t\t\t<div class=\"dslc-modules-section-wrapper dslc-clearfix\"><div class=\"dslc-modules-area dslc-col dslc-5-col dslc-first-col\" data-size=\"5\" data-valign=\"\">\r\n\t\t<div id=\"dslc-module-1e14fca4020\" class=\"dslc-module-front dslc-module-DSLC_Info_Box dslc-in-viewport-check dslc-in-viewport-anim-none  dslc-col dslc-12-col dslc-last-col  dslc-module-handle-like-regular \" data-module-id=\"1e14fca4020\" data-module=\"DSLC_Info_Box\" data-dslc-module-size=\"12\" data-dslc-anim=\"none\" data-dslc-anim-delay=\"0\" data-dslc-anim-duration=\"650\"  data-dslc-anim-easing=\"ease\" data-dslc-preset=\"none\" >\r\n\r\n\t\t\t\r\n\t\t\t\r\n\t\t\r\n\t\t\t<div class=\"dslc-info-box dslc-info-box-icon-pos-above dslc-info-box-image-pos-above\">\r\n\r\n\t\t\t\t<div class=\"dslc-info-box-wrapper\">\r\n\r\n\t\t\t\t\t\r\n\t\t\t\t\t<div class=\"dslc-info-box-main-wrap dslc-clearfix\">\r\n\r\n\t\t\t\t\t\t\r\n\t\t\t\t\t\t\r\n\t\t\t\t\t\t<div class=\"dslc-info-box-main\">\r\n\r\n\t\t\t\t\t\t\t\t\t\t\t\t\t\t\t<div class=\"dslc-info-box-title\">\r\n\t\t\t\t\t\t\t\t\t\t\t\t\t\t\t\t\t\t\t\t\t\t\t\t\t\t\t\t\t\t<h4 >NEWS<\/h4>\r\n\t\t\t\t\t\t\t\t\t\t\t\t\t\t\t\t\t\t\t\t\t\t\t\t\t\t\t<\/div><!-- .dslc-info-box-title -->\r\n\t\t\t\t\t\t\t\r\n\t\t\t\t\t\t\t\r\n\t\t\t\t\t\t\t\r\n\t\t\t\t\t\t<\/div><!-- .dslc-info-box-main -->\r\n\r\n\t\t\t\t\t<\/div><!-- .dslc-info-box-main-wrap -->\r\n\r\n\t\t\t\t<\/div><!-- .dslc-info-box-wrapper -->\r\n\r\n\t\t\t<\/div><!-- .dslc-info-box -->\r\n\r\n\t\t\r\n\t\t\t\t<\/div><!-- .dslc-module -->\r\n\t\t<\/div><\/div><\/div>\r\n\t\t<div  class=\"dslc-modules-section \" style=\"padding-bottom:20px;padding-top:20px;\" data-section-id=\"ac01749d4bf\">\r\n\t\t\t\t\r\n\t\t\t\t\r\n\t\t\t\t<div class=\"dslc-modules-section-wrapper dslc-clearfix\"><div class=\"dslc-modules-area dslc-col dslc-12-col dslc-last-col\" data-size=\"12\" data-valign=\"\">\r\n\t\t<div id=\"dslc-module-53434c795e6\" class=\"dslc-module-front dslc-module-DSLC_Posts dslc-in-viewport-check dslc-in-viewport-anim-none  dslc-col dslc-12-col dslc-last-col  dslc-module-handle-like-regular \" data-module-id=\"53434c795e6\" data-module=\"DSLC_Posts\" data-dslc-module-size=\"12\" data-dslc-anim=\"none\" data-dslc-anim-delay=\"0\" data-dslc-anim-duration=\"650\"  data-dslc-anim-easing=\"ease\" data-dslc-preset=\"none\" >\r\n\r\n\t\t\t\r\n\t\t\t\r\n\t\t\t\t<div class=\"dslc-posts dslc-cpt-posts dslc-clearfix dslc-cpt-posts-type-grid dslc-posts-orientation-vertical dslc-init-grid \">\r\n\r\n\t\t\t\r\n\t\t\t<div class=\"dslc-posts-inner\">\r\n\t\t\t\t\t<div class=\"dslc-post dslc-cpt-post dslc-col dslc-12-col  dslc-last-col\" data-cats=\"\">\r\n\t\t\t\t\t\t\t\t\t\t\t\t\t\t\t\t\t\t\t\t\r\n\t\t\t\t\t\t\t\t<div class=\"dslc-post-thumb dslc-cpt-post-thumb dslc-on-hover-anim\">\r\n\r\n\t\t\t\t\t\t\t\t\t<div class=\"dslc-cpt-post-thumb-inner dslca-post-thumb\">\r\n\t\t\t\t\t\t\t\t\t\t\r\n\t\t\t\t\t\t\t\t\t\t\t\t\t\t\t\t\t\t\t\t\t<a href=\"http:\/\/www.polieng.com.br\/ingles\/como-retardar-o-processo-de-delaminacao-do-vidro-blindado\/\" class=\"\"><img width=\"1920\" height=\"546\" src=\"http:\/\/www.polieng.com.br\/ingles\/wp-content\/uploads\/2017\/05\/blog-delaminacao.jpg\" class=\"attachment-full size-full wp-post-image\" alt=\"\" title=\"blog-delaminacao\" srcset=\"http:\/\/www.polieng.com.br\/ingles\/wp-content\/uploads\/2017\/05\/blog-delaminacao.jpg 1920w, http:\/\/www.polieng.com.br\/ingles\/wp-content\/uploads\/2017\/05\/blog-delaminacao-300x85.jpg 300w, http:\/\/www.polieng.com.br\/ingles\/wp-content\/uploads\/2017\/05\/blog-delaminacao-768x218.jpg 768w, http:\/\/www.polieng.com.br\/ingles\/wp-content\/uploads\/2017\/05\/blog-delaminacao-1024x291.jpg 1024w\" sizes=\"(max-width: 1920px) 100vw, 1920px\" \/><\/a>\r\n\t\t\t\t\t\t\t\t\t\t\t\t\t\t\t\t\t\t\t<\/div><!-- .dslc-cpt-post-thumb-inner -->\r\n\r\n\t\t\t\t\t\t\t\t\t\r\n\t\t\t\t\t\t\t\t<\/div><!-- .dslc-cpt-post-thumb -->\r\n\r\n\t\t\t\t\t\t\t\t\t\t\t\t\t\r\n\t\t\t\t\t\t\r\n\t\t\t\t\t\t\t<div class=\"dslc-post-main dslc-cpt-post-main\">\r\n\r\n\t\t\t\t\t\t\t\t\r\n\t\t\t\t\t\t\t\t\t<div class=\"dslc-cpt-post-title\">\r\n\t\t\t\t\t\t\t\t\t\t<h2><a href=\"http:\/\/www.polieng.com.br\/ingles\/como-retardar-o-processo-de-delaminacao-do-vidro-blindado\/\">Como retardar o processo de delamina\u00e7\u00e3o do vidro blindado<\/a><\/h2>\r\n\t\t\t\t\t\t\t\t\t<\/div><!-- .dslc-cpt-post-title -->\r\n\r\n\t\t\t\t\t\t\t\t\r\n\t\t\t\t\t\t\t\t\r\n\t\t\t\t\t\t\t\t\t\r\n\t\t\t\t\t\t\t\t\t<div class=\"dslc-cpt-post-meta\">\r\n\r\n\t\t\t\t\t\t\t\t\t\t\r\n\t\t\t\t\t\t\t\t\t\t\t\t\t\t\t\t\t\t\t\t\t<div class=\"dslc-cpt-post-meta-date\">\r\n\t\t\t\t\t\t\t\t\t\t\t\t17 de maio de 2017\t\t\t\t\t\t\t\t\t\t\t<\/div><!-- .dslc-cpt-post-meta-date -->\r\n\t\t\t\t\t\t\t\t\t\t\r\n\t\t\t\t\t\t\t\t\t<\/div><!-- .dslc-cpt-post-meta -->\r\n\r\n\t\t\t\t\t\t\t\t\r\n\t\t\t\t\t\t\t\t\t\t\t\t\t\t\t\t\t<div class=\"dslc-cpt-post-excerpt\">\r\n\t\t\t\t\t\t\t\t\t\t\t\t\t\t\t\t\t\t\t\t\t\u00c9 de entendimento geral entre os fabricantes de vidros blindados e blindadoras que o maior problema em vidros blindados \u00e9&hellip;\t\t\t\t\t\t\t\t\t\t\t\t\t\t\t\t\t\t\t<\/div><!-- .dslc-cpt-post-excerpt -->\r\n\r\n\t\t\t\t\t\t\t\t\r\n\t\t\t\t\t\t\t\t\r\n\t\t\t\t\t\t\t\t\t<div class=\"dslc-cpt-post-read-more\">\r\n\t\t\t\t\t\t\t\t\t\t<a href=\"http:\/\/www.polieng.com.br\/ingles\/como-retardar-o-processo-de-delaminacao-do-vidro-blindado\/\">\r\n\t\t\t\t\t\t\t\t\t\t\t\t\t\t\t\t\t\t\t\t\t\t\t<span class=\"dslc-icon dslc-icon-chevron-right\"><\/span>\r\n\t\t\t\t\t\t\t\t\t\t\t\t\t\t\t\t\t\t\t\t\t\tLER MAIS\t\t\t\t\t\t\t\t\t\t<\/a>\r\n\t\t\t\t\t\t\t\t\t<\/div><!-- .dslc-cpt-post-read-more -->\r\n\r\n\t\t\t\t\t\t\t\t\r\n\t\t\t\t\t\t\t<\/div><!-- .dslc-cpt-post-main -->\r\n\r\n\t\t\t\t\t\t\r\n\t\t\t\t\t<\/div><!-- .dslc-cpt-post -->\t\t\t<\/div><!--.dslc-posts-inner -->\r\n\r\n\t\t\t\r\n\t\t<\/div><!-- .dslc-cpt-posts -->\r\n\t\t\t\t<\/div><!-- .dslc-module -->\r\n\t\t<\/div><\/div><\/div><\/div><input type=\"hidden\" id=\"dslca-post-data-thumb\" value=\"http:\/\/www.polieng.com.br\/ingles\/wp-content\/uploads\/2017\/03\/topo-poli.png\" \/><\/div>","protected":false},"excerpt":{"rendered":"<p>17 de maio de 2017 \u00c9 de entendimento geral entre os fabricantes de vidros blindados e blindadoras que o maior problema em vidros blindados \u00e9 a delamina\u00e7\u00e3o precoce. Existem algumas formas de se combater este processo como, por exemplo, utilizando materiais mais compat\u00edveis com o policarbonato. Renato Rosa, engenheiro industrial da Glasshield, trabalha h\u00e1 17 [&hellip;]<\/p>\n","protected":false},"author":1,"featured_media":54,"parent":0,"menu_order":0,"comment_status":"closed","ping_status":"closed","template":"","meta":{"footnotes":""},"_links":{"self":[{"href":"http:\/\/www.polieng.com.br\/ingles\/wp-json\/wp\/v2\/pages\/151"}],"collection":[{"href":"http:\/\/www.polieng.com.br\/ingles\/wp-json\/wp\/v2\/pages"}],"about":[{"href":"http:\/\/www.polieng.com.br\/ingles\/wp-json\/wp\/v2\/types\/page"}],"author":[{"embeddable":true,"href":"http:\/\/www.polieng.com.br\/ingles\/wp-json\/wp\/v2\/users\/1"}],"replies":[{"embeddable":true,"href":"http:\/\/www.polieng.com.br\/ingles\/wp-json\/wp\/v2\/comments?post=151"}],"version-history":[{"count":2,"href":"http:\/\/www.polieng.com.br\/ingles\/wp-json\/wp\/v2\/pages\/151\/revisions"}],"predecessor-version":[{"id":159,"href":"http:\/\/www.polieng.com.br\/ingles\/wp-json\/wp\/v2\/pages\/151\/revisions\/159"}],"wp:featuredmedia":[{"embeddable":true,"href":"http:\/\/www.polieng.com.br\/ingles\/wp-json\/wp\/v2\/media\/54"}],"wp:attachment":[{"href":"http:\/\/www.polieng.com.br\/ingles\/wp-json\/wp\/v2\/media?parent=151"}],"curies":[{"name":"wp","href":"https:\/\/api.w.org\/{rel}","templated":true}]}}